{"id":11502,"date":"2019-03-21T15:20:48","date_gmt":"2019-03-21T20:20:48","guid":{"rendered":"https:\/\/soportehys.com\/web\/?page_id=11502"},"modified":"2025-04-02T09:17:46","modified_gmt":"2025-04-02T14:17:46","slug":"nuestro-colegio","status":"publish","type":"page","link":"https:\/\/innovar.edu.co\/web\/nuestro-colegio\/","title":{"rendered":"Nuestro Colegio"},"content":{"rendered":"<div class=\"wpb-content-wrapper\"><p>[vc_row][vc_column]<div class=\"thim-widget-heading template-base\"><div class=\"sc_heading  text-center\"><h3 style=\"font-size:35px;font-weight:600;\" class=\"title\">Informaci\u00f3n <strong>Institucional<\/strong><\/h3><\/div><\/div>[\/vc_column][\/vc_row][vc_row css=&#8221;.vc_custom_1559531433775{margin-bottom: 15px !important;}&#8221;][vc_column width=&#8221;5\/12&#8243; css=&#8221;.vc_custom_1553219212365{margin-bottom: 30px !important;}&#8221;][vc_column_text css=&#8221;&#8221;]<\/p>\n<h3 class=\"thim-text-title\">Misi\u00f3n<\/h3>\n<blockquote><p>Somos una instituci\u00f3n privada en los niveles acad\u00e9micos\u00a0 de preescolar (pre jard\u00edn, jard\u00edn y transici\u00f3n); b\u00e1sica (primaria y\u00a0 secundaria); media acad\u00e9mica, bachillerato por ciclos y formaci\u00f3n t\u00e9cnica laboral que tiene como objetivo la formaci\u00f3n\u00a0 integral del alumno (personal, social y espiritual) con un adecuado proceso de aprendizaje desde la corresponsabilidad de la comunidad educativa.<\/p><\/blockquote>\n<p>[\/vc_column_text][\/vc_column][vc_column width=&#8221;7\/12&#8243; css=&#8221;.vc_custom_1553219224890{margin-bottom: 30px !important;}&#8221;][vc_column_text css=&#8221;&#8221;]<\/p>\n<h3 class=\"thim-text-title\">Visi\u00f3n<\/h3>\n<blockquote><p>La Instituci\u00f3n Educativa CORPOINNOVAR; se proyecta a tratar de ser una de las mejores del municipio de San Jos\u00e9 De C\u00facuta, ofreciendo una educaci\u00f3n integral con proyecci\u00f3n a la comunidad, orientada hacia la satisfacci\u00f3n de las necesidades educativas de la poblaci\u00f3n escolar, fundada en valores. Se espera que en el trascurso de diez (10) a\u00f1os la comunidad educativa consolide su prop\u00f3sito de participar en forma consciente en la formaci\u00f3n de ciudadanos con visi\u00f3n espiritual, empresarial, honestos, responsables creativos, cr\u00edticos y con un alto grado de autoestima, solidaridad y pertinencia, de tal manera que sus egresados participen y aporten positivamente en los procesos de la sociedad.<\/p><\/blockquote>\n<p>[\/vc_column_text][\/vc_column][\/vc_row][vc_row][vc_column][vc_tta_tabs][vc_tta_section title=&#8221;OBJETIVOS Y VALORES&#8221; tab_id=&#8221;1553201553639-a4a157b2-0618&#8243;][vc_column_text]<\/p>\n<h3 class=\"thim-text-title\">Objetivos Institucionales<\/h3>\n<ul class=\"thim-list-content\">\n<li>Ofrecer &#8230;<\/li>\n<\/ul>\n<p>&nbsp;<\/p>\n<h3 class=\"thim-text-title\">Valores Institucionales<\/h3>\n<p>Como ejes articuladores\u00a0 los siguientes valores:<\/p>\n<ul class=\"thim-list-content\">\n<li><strong>La Justicia<\/strong>: ssssss.<\/li>\n<\/ul>\n<p>[\/vc_column_text][\/vc_tta_section][vc_tta_section title=&#8221;PRINCIPIOS&#8221; tab_id=&#8221;1553201553661-4cb8a9a4-11b5&#8243;][vc_column_text css=&#8221;&#8221;]<\/p>\n<h3 class=\"thim-text-title\">Principios Institucionales<\/h3>\n<p>El desarrollo de todos los procesos y actividades en la Corporaci\u00f3n Educativa INNOVAR se encuentra enmarcado en los siguientes principios:<\/p>\n<ul>\n<li>Vocaci\u00f3n<\/li>\n<li>Dedicaci\u00f3n<\/li>\n<li>Respeto<\/li>\n<li>Compromiso<\/li>\n<li>Trabajo en Equipo<\/li>\n<li>Calidad<\/li>\n<li>Liderazgo<\/li>\n<li>Disciplina<\/li>\n<li>Solidaridad<\/li>\n<li>Emprendimiento<\/li>\n<\/ul>\n<p>[\/vc_column_text][\/vc_tta_section][vc_tta_section title=&#8221;FUNDAMENTO&#8221; tab_id=&#8221;1553202116208-8d028f78-28a5&#8243;][vc_column_text css=&#8221;&#8221;]<\/p>\n<blockquote><p><span style=\"color: #ff0000;\">\u201cFORMANDO PARA LA EXCELENCIA Y\u00a0 HUMANIZACI\u00d3N DE LA EDUCACI\u00d3N\u201d<\/span><\/p><\/blockquote>\n<p>La I.E INNOVAR le ha apuntado a construir una excelencia acad\u00e9mica a lograr calidad educativa impulsando teor\u00edas actualizadas de aprendizaje que permita que los alumnos aprendan a pensar, aprendan a aprender, aprendan a convivir, aprendan a hacer, aprendan a ser, aprendan a emprender activamente y obtengan buenos resultados para poner sus conocimientos al servicio de los dem\u00e1s, respetando e impulsando la diversidad y que crezcan arm\u00f3nicamente, humanamente y espiritualmente. Un lugar donde todos aprenden, es decir, una \u201ccomunidad de aprendizaje basada en valores\u201d.[\/vc_column_text][\/vc_tta_section][vc_tta_section title=&#8221;ENFOQUE PEDAG\u00d3GICO&#8221; tab_id=&#8221;1553203450656-a52e943b-1e54&#8243;][vc_column_text]<\/p>\n<h3 class=\"thim-text-title\">Enfoque Pedag\u00f3gico<\/h3>\n<p>El enfoque pedag\u00f3gic&#8230;[\/vc_column_text][\/vc_tta_section][\/vc_tta_tabs][\/vc_column][\/vc_row][vc_row css=&#8221;.vc_custom_1559532503179{background-color: #95c5f4 !important;}&#8221;][vc_column][vc_row_inner][vc_column_inner]<div class=\"thim-widget-heading template-base\"><div class=\"sc_heading  text-center\"><h3 class=\"title\"><strong>Himno<\/strong> Institucional<\/h3><span class=\"line\"><\/span><\/div><\/div>[\/vc_column_inner][\/vc_row_inner][vc_row_inner][vc_column_inner width=&#8221;1\/3&#8243;]<div class=\"thim-widget-heading template-base\"><div class=\"sc_heading  text-center\"><h3 class=\"title\">CORO<\/h3><span class=\"line\"><\/span><\/div><\/div>[vc_column_text]<\/p>\n<div style=\"text-align: center;\">coro coro coro<\/div>\n<div style=\"text-align: center;\">coro coro<\/div>\n<div style=\"text-align: center;\">coro coro coro<\/div>\n<div style=\"text-align: center;\"><\/div>\n<p>[\/vc_column_text]<div class=\"thim-widget-heading template-base\"><div class=\"sc_heading  text-center\"><h3 class=\"title\">III<\/h3><span class=\"line\"><\/span><\/div><\/div>[vc_column_text]<\/p>\n<div style=\"text-align: center;\">coro coro coro<\/div>\n<div style=\"text-align: center;\">coro coro<\/div>\n<div style=\"text-align: center;\">coro coro coro<\/div>\n<p>[\/vc_column_text][\/vc_column_inner][vc_column_inner width=&#8221;1\/3&#8243;]<div class=\"thim-widget-heading template-base\"><div class=\"sc_heading  text-center\"><h3 class=\"title\">I<\/h3><span class=\"line\"><\/span><\/div><\/div>[vc_column_text]<\/p>\n<div style=\"text-align: center;\">coro coro coro<\/div>\n<div style=\"text-align: center;\">coro coro<\/div>\n<div style=\"text-align: center;\">coro coro coro<\/div>\n<p>[\/vc_column_text]<div class=\"thim-widget-heading template-base\"><div class=\"sc_heading  text-center\"><h3 class=\"title\">IV<\/h3><span class=\"line\"><\/span><\/div><\/div>[vc_column_text]<\/p>\n<div style=\"text-align: center;\">coro coro coro<\/div>\n<div style=\"text-align: center;\">coro coro<\/div>\n<div style=\"text-align: center;\">coro coro coro<\/div>\n<p>[\/vc_column_text][\/vc_column_inner][vc_column_inner width=&#8221;1\/3&#8243;]<div class=\"thim-widget-heading template-base\"><div class=\"sc_heading  text-center\"><h3 class=\"title\">II<\/h3><span class=\"line\"><\/span><\/div><\/div>[vc_column_text]<\/p>\n<div style=\"text-align: center;\">coro coro coro<\/div>\n<div style=\"text-align: center;\">coro coro<\/div>\n<div style=\"text-align: center;\">coro coro coro<\/div>\n<p>[\/vc_column_text]<div class=\"thim-widget-heading template-base\"><div class=\"sc_heading  text-center\"><h3 class=\"title\">V<\/h3><span class=\"line\"><\/span><\/div><\/div>[vc_column_text]<\/p>\n<div style=\"text-align: center;\">coro coro coro<\/div>\n<div style=\"text-align: center;\">coro coro<\/div>\n<div style=\"text-align: center;\">coro coro coro<\/div>\n<p>[\/vc_column_text][\/vc_column_inner][\/vc_row_inner][\/vc_column][\/vc_row]<\/p>\n<\/div>","protected":false},"excerpt":{"rendered":"<p>[vc_row][vc_column][\/vc_column][\/vc_row][vc_row css=&#8221;.vc_custom_1559531433775{margin-bottom: 15px !important;}&#8221;][vc_column width=&#8221;5\/12&#8243; css=&#8221;.vc_custom_1553219212365{margin-bottom: 30px !important;}&#8221;][vc_column_text css=&#8221;&#8221;] Misi\u00f3n Somos una instituci\u00f3n privada en los niveles acad\u00e9micos\u00a0 de preescolar (pre jard\u00edn, jard\u00edn y transici\u00f3n); b\u00e1sica (primaria y\u00a0 secundaria); media acad\u00e9mica, bachillerato por ciclos y formaci\u00f3n t\u00e9cnica laboral que tiene &hellip; <\/p>\n","protected":false},"author":1,"featured_media":0,"parent":0,"menu_order":0,"comment_status":"closed","ping_status":"closed","template":"","meta":{"footnotes":""},"class_list":["post-11502","page","type-page","status-publish","hentry"],"_links":{"self":[{"href":"https:\/\/innovar.edu.co\/web\/wp-json\/wp\/v2\/pages\/11502","targetHints":{"allow":["GET"]}}],"collection":[{"href":"https:\/\/innovar.edu.co\/web\/wp-json\/wp\/v2\/pages"}],"about":[{"href":"https:\/\/innovar.edu.co\/web\/wp-json\/wp\/v2\/types\/page"}],"author":[{"embeddable":true,"href":"https:\/\/innovar.edu.co\/web\/wp-json\/wp\/v2\/users\/1"}],"replies":[{"embeddable":true,"href":"https:\/\/innovar.edu.co\/web\/wp-json\/wp\/v2\/comments?post=11502"}],"version-history":[{"count":3,"href":"https:\/\/innovar.edu.co\/web\/wp-json\/wp\/v2\/pages\/11502\/revisions"}],"predecessor-version":[{"id":12036,"href":"https:\/\/innovar.edu.co\/web\/wp-json\/wp\/v2\/pages\/11502\/revisions\/12036"}],"wp:attachment":[{"href":"https:\/\/innovar.edu.co\/web\/wp-json\/wp\/v2\/media?parent=11502"}],"curies":[{"name":"wp","href":"https:\/\/api.w.org\/{rel}","templated":true}]}}